{"id":6394,"date":"2020-07-02T15:49:04","date_gmt":"2020-07-02T13:49:04","guid":{"rendered":"https:\/\/tanngroup.dev-web.at\/imprint\/"},"modified":"2025-08-05T10:49:31","modified_gmt":"2025-08-05T08:49:31","slug":"imprint","status":"publish","type":"page","link":"https:\/\/www.tanngroup.com\/en\/imprint\/","title":{"rendered":"Imprint"},"content":{"rendered":"\n\n\t<section class=\"section\" id=\"section_377688355\">\n\t\t<div class=\"section-bg fill\" >\n\t\t\t\t\t\t\t\t\t\n\t\t\t\n\n\t\t<\/div>\n\n\t\t\n\n\t\t<div class=\"section-content relative\">\n\t\t\t\n\n<div class=\"row\"  id=\"row-873611186\">\n\n\n\t<div id=\"col-1553087845\" class=\"col small-12 large-12\"  >\n\t\t\t\t<div class=\"col-inner\"  >\n\t\t\t\n\t\t\t\n\n<h1>Impressum<\/h1>\n\n\t\t<\/div>\n\t\t\t\t\t<\/div>\n\n\t\n\n\t<div id=\"col-782431678\" class=\"col medium-8 small-12 large-8\"  >\n\t\t\t\t<div class=\"col-inner\"  >\n\t\t\t\n\t\t\t\n\n<h4><strong>TANN Holding GmbH<\/strong><\/h4>\n<p>Fabrikstrasse 48a<br \/>4050 Traun \/ Austria<\/p>\n<p><strong>Tel.:<\/strong> <a href=\"tel:+43722970700\">+43 7229 70700<\/a><br \/><strong>Fax:<\/strong> +43 7229 70700-70<br \/><strong>E-Mail:<\/strong> <a href=\"mailto:info@tanngroup.com\">info@tanngroup.com<\/a><br \/><strong>Web:<\/strong> <a href=\"http:\/\/www.tanngroup.com\">www.tanngroup.com<\/a><\/p>\n<p><strong>Rechtsform:<\/strong> Gesellschaft mit beschr\u00e4nkter Haftung<br \/><strong>Firmenbuchnummer:<\/strong> FN 302884v<br \/><strong>Firnenbuchgericht:<\/strong> Landesgericht Linz<br \/><strong>UID-Nummer:<\/strong> ATU 63905206<\/p>\n<h3>Disclaimer<\/h3>\n<h4>Haftungsausschluss f\u00fcr Inhalte<\/h4>\n<p>Trotz gr\u00f6\u00dftm\u00f6glicher Sorgfalt k\u00f6nnen wir keine Haftung f\u00fcr die Korrektheit, Vollst\u00e4ndigkeit und Aktualit\u00e4t der Inhalte der Webseite \u00fcbernehmen. \u00c4nderungen sind vorbehalten. Die Artikel und Inhalte dienen ausschlie\u00dflich der allgemeinen Information und ersetzen keine juristische Beratung!<\/p>\n<h4>Urheberrecht<\/h4>\n<p>Alle Inhalte und Werke auf unseren Seiten unterliegen dem Urheberrecht. Jede Art der Verbreitung bedarf unserer schriftlichen Zustimmung (soweit nicht anders angegeben sowie im Rahmen der G\u00fcltigkeit des Urheberrechts).<\/p>\n<h4>Haftung f\u00fcr Links<\/h4>\n<p>Wir \u00fcbernehmen keine Haftung f\u00fcr die Inhalte verlinkter Seiten.<\/p>\n\n\n\t\t<\/div>\n\t\t\t\t\t<\/div>\n\n\t\n\n<\/div>\n\n\t\t<\/div>\n\n\t\t\n<style>\n#section_377688355 {\n  padding-top: 30px;\n  padding-bottom: 30px;\n}\n<\/style>\n\t<\/section>\n\t\n\n","protected":false},"excerpt":{"rendered":"","protected":false},"author":1,"featured_media":0,"parent":0,"menu_order":4,"comment_status":"closed","ping_status":"closed","template":"page-blank.php","meta":{"_acf_changed":false,"footnotes":""},"class_list":["post-6394","page","type-page","status-publish","hentry"],"acf":[],"yoast_head":"<!-- This site is optimized with the Yoast SEO plugin v26.6 - https:\/\/yoast.com\/wordpress\/plugins\/seo\/ -->\n<title>Imprint - TANN GROUP<\/title>\n<meta name=\"robots\" content=\"index, follow, max-snippet:-1, max-image-preview:large, max-video-preview:-1\" \/>\n<link rel=\"canonical\" href=\"https:\/\/www.tanngroup.com\/en\/imprint\/\" \/>\n<meta property=\"og:locale\" content=\"en_US\" \/>\n<meta property=\"og:type\" content=\"article\" \/>\n<meta property=\"og:title\" content=\"Imprint - TANN GROUP\" \/>\n<meta property=\"og:url\" content=\"https:\/\/www.tanngroup.com\/en\/imprint\/\" \/>\n<meta property=\"og:site_name\" content=\"TANN GROUP\" \/>\n<meta property=\"article:modified_time\" content=\"2025-08-05T08:49:31+00:00\" \/>\n<meta name=\"twitter:card\" content=\"summary_large_image\" \/>\n<meta name=\"twitter:label1\" content=\"Est. reading time\" \/>\n\t<meta name=\"twitter:data1\" content=\"1 minute\" \/>\n<script type=\"application\/ld+json\" class=\"yoast-schema-graph\">{\"@context\":\"https:\/\/schema.org\",\"@graph\":[{\"@type\":\"WebPage\",\"@id\":\"https:\/\/www.tanngroup.com\/en\/imprint\/\",\"url\":\"https:\/\/www.tanngroup.com\/en\/imprint\/\",\"name\":\"Imprint - TANN GROUP\",\"isPartOf\":{\"@id\":\"https:\/\/www.tanngroup.com\/en\/#website\"},\"datePublished\":\"2020-07-02T13:49:04+00:00\",\"dateModified\":\"2025-08-05T08:49:31+00:00\",\"breadcrumb\":{\"@id\":\"https:\/\/www.tanngroup.com\/en\/imprint\/#breadcrumb\"},\"inLanguage\":\"en-US\",\"potentialAction\":[{\"@type\":\"ReadAction\",\"target\":[\"https:\/\/www.tanngroup.com\/en\/imprint\/\"]}]},{\"@type\":\"BreadcrumbList\",\"@id\":\"https:\/\/www.tanngroup.com\/en\/imprint\/#breadcrumb\",\"itemListElement\":[{\"@type\":\"ListItem\",\"position\":1,\"name\":\"Startseite\",\"item\":\"https:\/\/www.tanngroup.com\/en\/company\/\"},{\"@type\":\"ListItem\",\"position\":2,\"name\":\"Imprint\"}]},{\"@type\":\"WebSite\",\"@id\":\"https:\/\/www.tanngroup.com\/en\/#website\",\"url\":\"https:\/\/www.tanngroup.com\/en\/\",\"name\":\"TANN GROUP GmbH\",\"description\":\"\",\"publisher\":{\"@id\":\"https:\/\/www.tanngroup.com\/en\/#organization\"},\"potentialAction\":[{\"@type\":\"SearchAction\",\"target\":{\"@type\":\"EntryPoint\",\"urlTemplate\":\"https:\/\/www.tanngroup.com\/en\/?s={search_term_string}\"},\"query-input\":{\"@type\":\"PropertyValueSpecification\",\"valueRequired\":true,\"valueName\":\"search_term_string\"}}],\"inLanguage\":\"en-US\"},{\"@type\":\"Organization\",\"@id\":\"https:\/\/www.tanngroup.com\/en\/#organization\",\"name\":\"TANNGROUP GmbH\",\"url\":\"https:\/\/www.tanngroup.com\/en\/\",\"logo\":{\"@type\":\"ImageObject\",\"inLanguage\":\"en-US\",\"@id\":\"https:\/\/www.tanngroup.com\/en\/#\/schema\/logo\/image\/\",\"url\":\"https:\/\/www.tanngroup.com\/wp-content\/uploads\/2025\/05\/TANNGROUP_Logo.svg\",\"contentUrl\":\"https:\/\/www.tanngroup.com\/wp-content\/uploads\/2025\/05\/TANNGROUP_Logo.svg\",\"width\":1,\"height\":1,\"caption\":\"TANNGROUP GmbH\"},\"image\":{\"@id\":\"https:\/\/www.tanngroup.com\/en\/#\/schema\/logo\/image\/\"}}]}<\/script>\n<!-- \/ Yoast SEO plugin. -->","yoast_head_json":{"title":"Imprint - TANN GROUP","robots":{"index":"index","follow":"follow","max-snippet":"max-snippet:-1","max-image-preview":"max-image-preview:large","max-video-preview":"max-video-preview:-1"},"canonical":"https:\/\/www.tanngroup.com\/en\/imprint\/","og_locale":"en_US","og_type":"article","og_title":"Imprint - TANN GROUP","og_url":"https:\/\/www.tanngroup.com\/en\/imprint\/","og_site_name":"TANN GROUP","article_modified_time":"2025-08-05T08:49:31+00:00","twitter_card":"summary_large_image","twitter_misc":{"Est. reading time":"1 minute"},"schema":{"@context":"https:\/\/schema.org","@graph":[{"@type":"WebPage","@id":"https:\/\/www.tanngroup.com\/en\/imprint\/","url":"https:\/\/www.tanngroup.com\/en\/imprint\/","name":"Imprint - TANN GROUP","isPartOf":{"@id":"https:\/\/www.tanngroup.com\/en\/#website"},"datePublished":"2020-07-02T13:49:04+00:00","dateModified":"2025-08-05T08:49:31+00:00","breadcrumb":{"@id":"https:\/\/www.tanngroup.com\/en\/imprint\/#breadcrumb"},"inLanguage":"en-US","potentialAction":[{"@type":"ReadAction","target":["https:\/\/www.tanngroup.com\/en\/imprint\/"]}]},{"@type":"BreadcrumbList","@id":"https:\/\/www.tanngroup.com\/en\/imprint\/#breadcrumb","itemListElement":[{"@type":"ListItem","position":1,"name":"Startseite","item":"https:\/\/www.tanngroup.com\/en\/company\/"},{"@type":"ListItem","position":2,"name":"Imprint"}]},{"@type":"WebSite","@id":"https:\/\/www.tanngroup.com\/en\/#website","url":"https:\/\/www.tanngroup.com\/en\/","name":"TANN GROUP GmbH","description":"","publisher":{"@id":"https:\/\/www.tanngroup.com\/en\/#organization"},"potentialAction":[{"@type":"SearchAction","target":{"@type":"EntryPoint","urlTemplate":"https:\/\/www.tanngroup.com\/en\/?s={search_term_string}"},"query-input":{"@type":"PropertyValueSpecification","valueRequired":true,"valueName":"search_term_string"}}],"inLanguage":"en-US"},{"@type":"Organization","@id":"https:\/\/www.tanngroup.com\/en\/#organization","name":"TANNGROUP GmbH","url":"https:\/\/www.tanngroup.com\/en\/","logo":{"@type":"ImageObject","inLanguage":"en-US","@id":"https:\/\/www.tanngroup.com\/en\/#\/schema\/logo\/image\/","url":"https:\/\/www.tanngroup.com\/wp-content\/uploads\/2025\/05\/TANNGROUP_Logo.svg","contentUrl":"https:\/\/www.tanngroup.com\/wp-content\/uploads\/2025\/05\/TANNGROUP_Logo.svg","width":1,"height":1,"caption":"TANNGROUP GmbH"},"image":{"@id":"https:\/\/www.tanngroup.com\/en\/#\/schema\/logo\/image\/"}}]}},"_links":{"self":[{"href":"https:\/\/www.tanngroup.com\/en\/wp-json\/wp\/v2\/pages\/6394","targetHints":{"allow":["GET"]}}],"collection":[{"href":"https:\/\/www.tanngroup.com\/en\/wp-json\/wp\/v2\/pages"}],"about":[{"href":"https:\/\/www.tanngroup.com\/en\/wp-json\/wp\/v2\/types\/page"}],"author":[{"embeddable":true,"href":"https:\/\/www.tanngroup.com\/en\/wp-json\/wp\/v2\/users\/1"}],"replies":[{"embeddable":true,"href":"https:\/\/www.tanngroup.com\/en\/wp-json\/wp\/v2\/comments?post=6394"}],"version-history":[{"count":5,"href":"https:\/\/www.tanngroup.com\/en\/wp-json\/wp\/v2\/pages\/6394\/revisions"}],"predecessor-version":[{"id":7353,"href":"https:\/\/www.tanngroup.com\/en\/wp-json\/wp\/v2\/pages\/6394\/revisions\/7353"}],"wp:attachment":[{"href":"https:\/\/www.tanngroup.com\/en\/wp-json\/wp\/v2\/media?parent=6394"}],"curies":[{"name":"wp","href":"https:\/\/api.w.org\/{rel}","templated":true}]}}