{"id":6185,"date":"2025-05-12T11:03:41","date_gmt":"2025-05-12T09:03:41","guid":{"rendered":"https:\/\/tanngroup.dev-web.at\/bundle-paper\/"},"modified":"2025-11-12T09:05:03","modified_gmt":"2025-11-12T08:05:03","slug":"bundle-paper","status":"publish","type":"page","link":"https:\/\/www.tanngroup.com\/en\/bundle-paper\/","title":{"rendered":"Bundle Paper"},"content":{"rendered":"\n\n\t<section class=\"section e5-overlay\" id=\"section_12576559\">\n\t\t<div class=\"section-bg fill\" >\n\t\t\t<img decoding=\"async\" src=\"https:\/\/www.tanngroup.com\/wp-content\/uploads\/2025\/03\/Header-Overlay.svg\" class=\"bg attachment-original size-original\" alt=\"\" \/>\t\t\t\t\t\t<div class=\"section-bg-overlay absolute fill\"><\/div>\n\t\t\t\n\n\t\t<\/div>\n\n\t\t\n\n\t\t<div class=\"section-content relative\">\n\t\t\t\n\n<div class=\"row row-collapse\"  id=\"row-1137644547\">\n\n\n\t<div id=\"col-268588157\" class=\"col medium-12 small-12 large-4\"  data-animate=\"fadeInLeft\">\n\t\t\t\t<div class=\"col-inner dark\"  >\n\t\t\t\n\t\t\t\n\n<h1>Bundle Paper<\/h1>\n<p>Bundle Paper\u00a0\u2013 auch als Wrapping Paper bezeichnet \u2013 ist ein spezielles Papier, das \u00fcblicherweise zum Verpacken von zehn Zigarettenpackungen verwendet wird. Diese sogenannten Zigarettenstangen kommen im Einzelhandel oder im Duty-Free-Verkauf zum Einsatz.<\/p>\n<a href=\"\/kontakt\/\" class=\"button primary\" >\n\t\t<span>Kontaktieren sie uns<\/span>\n\t<\/a>\n\n\n\n\t\t<\/div>\n\t\t\t\t\n<style>\n#col-268588157 > .col-inner {\n  padding: 0px 20px 20px 20px;\n}\n@media (min-width:550px) {\n  #col-268588157 > .col-inner {\n    padding: 0px 20px 0px 20px;\n  }\n}\n@media (min-width:850px) {\n  #col-268588157 > .col-inner {\n    padding: 0px 40px 0px 0px;\n  }\n}\n<\/style>\n\t<\/div>\n\n\t\n\n\t<div id=\"col-134113522\" class=\"col medium-12 small-12 large-8\"  data-animate=\"fadeInRight\">\n\t\t\t\t<div class=\"col-inner dark\"  >\n\t\t\t\n\t\t\t\n\n\t<div class=\"img has-hover x md-x lg-x y md-y lg-y\" id=\"image_420744985\">\n\t\t<a class=\"image-lightbox lightbox-gallery\" title=\"\" href=\"https:\/\/www.tanngroup.com\/wp-content\/uploads\/2025\/05\/bundl_Paper_verzerrt_2025_2.jpg\">\t\t\t\t\t\t<div class=\"img-inner image-cover dark\" style=\"padding-top:67%;\">\n\t\t\t<img decoding=\"async\" width=\"850\" height=\"611\" src=\"https:\/\/www.tanngroup.com\/wp-content\/uploads\/2025\/05\/bundl_Paper_verzerrt_2025_2.jpg\" class=\"attachment-original size-original\" alt=\"\" srcset=\"https:\/\/www.tanngroup.com\/wp-content\/uploads\/2025\/05\/bundl_Paper_verzerrt_2025_2.jpg 850w, https:\/\/www.tanngroup.com\/wp-content\/uploads\/2025\/05\/bundl_Paper_verzerrt_2025_2-556x400.jpg 556w, https:\/\/www.tanngroup.com\/wp-content\/uploads\/2025\/05\/bundl_Paper_verzerrt_2025_2-768x552.jpg 768w\" sizes=\"(max-width: 850px) 100vw, 850px\" \/>\t\t\t\t\t\t\n\t\t\t\t\t<\/div>\n\t\t\t\t\t\t<\/a>\t\t\n<style>\n#image_420744985 {\n  width: 100%;\n}\n<\/style>\n\t<\/div>\n\t\n\n\n\t\t<\/div>\n\t\t\t\t\n<style>\n#col-134113522 > .col-inner {\n  padding: 0px 20px 0px 20px;\n}\n@media (min-width:550px) {\n  #col-134113522 > .col-inner {\n    padding: 0px 20px 0px 20px;\n  }\n}\n@media (min-width:850px) {\n  #col-134113522 > .col-inner {\n    padding: 0px 10px 0px 0px;\n  }\n}\n<\/style>\n\t<\/div>\n\n\t\n\n<\/div>\n\n\t\t<\/div>\n\n\t\t\n<style>\n#section_12576559 {\n  padding-top: 50px;\n  padding-bottom: 50px;\n  background-color: rgb(255,255,255);\n}\n#section_12576559 .section-bg-overlay {\n  background-color: rgba(0, 0, 0, 0.5);\n}\n#section_12576559 .section-bg img {\n  object-position: 62% 58%;\n}\n<\/style>\n\t<\/section>\n\t\n\n\t<section class=\"section section-top-space\" id=\"section_905758895\">\n\t\t<div class=\"section-bg fill\" >\n\t\t\t\t\t\t\t\t\t\n\t\t\t\n\n\t\t<\/div>\n\n\t\t\n\n\t\t<div class=\"section-content relative\">\n\t\t\t\n\n<div class=\"row row-collapse align-center\"  id=\"row-1191658907\">\n\n\n\t<div id=\"col-2057069007\" class=\"col home-col medium-12 small-12 large-12\"  >\n\t\t\t\t<div class=\"col-inner text-left\"  >\n\t\t\t\n\t\t\t\n\n<h2>Nachhaltige Verpackung<\/h2>\n<p data-start=\"163\" data-end=\"272\">Mit der Einf\u00fchrung von Plain Packaging wurde das Bundle Paper gr\u00f6\u00dftenteils durch Klarsichtfolien ersetzt.<\/p>\n<p data-start=\"274\" data-end=\"512\">Trotzdem bleibt das Bundle Paper im Einsatz \u2013 und gewinnt im Zuge der stetig steigenden Nachhaltigkeitsorientierung wieder an Relevanz. Auch deshalb, weil es durch Bedruckung zus\u00e4tzliche M\u00f6glichkeiten bietet, die eigene Marke sichtbar zu machen.<\/p>\n\n\t\t<\/div>\n\t\t\t\t\n<style>\n#col-2057069007 > .col-inner {\n  padding: 0px 20px 0px 20px;\n}\n@media (min-width:550px) {\n  #col-2057069007 > .col-inner {\n    padding: 20px 20px 20px 20px;\n  }\n}\n@media (min-width:850px) {\n  #col-2057069007 > .col-inner {\n    padding: 0px 0px 0px 0px;\n  }\n}\n<\/style>\n\t<\/div>\n\n\t\n\n<\/div>\n\n\t\t<\/div>\n\n\t\t\n<style>\n#section_905758895 {\n  padding-top: 20px;\n  padding-bottom: 20px;\n}\n@media (min-width:550px) {\n  #section_905758895 {\n    padding-top: 40px;\n    padding-bottom: 40px;\n  }\n}\n@media (min-width:850px) {\n  #section_905758895 {\n    padding-top: 0px;\n    padding-bottom: 0px;\n  }\n}\n<\/style>\n\t<\/section>\n\t\n\n\t<section class=\"section\" id=\"section_193321550\">\n\t\t<div class=\"section-bg fill\" >\n\t\t\t\t\t\t\t\t\t\n\t\t\t\n\n\t\t<\/div>\n\n\t\t\n\n\t\t<div class=\"section-content relative\">\n\t\t\t\n\n<div class=\"row align-center\"  id=\"row-524764934\">\n\n\n\t<div id=\"col-1464067307\" class=\"col small-12 large-12\"  data-animate=\"fadeInUp\">\n\t\t\t\t<div class=\"col-inner text-center\"  >\n\t\t\t\n\t\t\t\n\n<h3>Product portfolio<\/h3>\n\n\t\t<\/div>\n\t\t\t\t\n<style>\n#col-1464067307 > .col-inner {\n  padding: 20px 0px 0px 0px;\n}\n<\/style>\n\t<\/div>\n\n\t\n\n\t<div id=\"col-590733324\" class=\"col medium-4 small-12 large-3\"  data-animate=\"fadeInUp\">\n\t\t\t\t<div class=\"col-inner box-shadow-3\"  >\n\t\t\t\n\t\t\t\n\n\t<div class=\"img has-hover x md-x lg-x y md-y lg-y\" id=\"image_1965849092\">\n\t\t<a class=\"\" href=\"https:\/\/www.tanngroup.com\/en\/tipping-paper\/\" >\t\t\t\t\t\t<div class=\"img-inner image-zoom image-cover dark\" style=\"padding-top:56.25%;\">\n\t\t\t<img decoding=\"async\" width=\"1835\" height=\"1372\" src=\"https:\/\/www.tanngroup.com\/wp-content\/uploads\/2025\/04\/Illustration-CIGARETTE-PACKAGING_tipping_20250227.png\" class=\"attachment-original size-original\" alt=\"\" srcset=\"https:\/\/www.tanngroup.com\/wp-content\/uploads\/2025\/04\/Illustration-CIGARETTE-PACKAGING_tipping_20250227.png 1835w, https:\/\/www.tanngroup.com\/wp-content\/uploads\/2025\/04\/Illustration-CIGARETTE-PACKAGING_tipping_20250227-535x400.png 535w, https:\/\/www.tanngroup.com\/wp-content\/uploads\/2025\/04\/Illustration-CIGARETTE-PACKAGING_tipping_20250227-1070x800.png 1070w, https:\/\/www.tanngroup.com\/wp-content\/uploads\/2025\/04\/Illustration-CIGARETTE-PACKAGING_tipping_20250227-768x574.png 768w, https:\/\/www.tanngroup.com\/wp-content\/uploads\/2025\/04\/Illustration-CIGARETTE-PACKAGING_tipping_20250227-1536x1148.png 1536w\" sizes=\"(max-width: 1835px) 100vw, 1835px\" \/>\t\t\t\t\t\t\n\t\t\t\t\t<\/div>\n\t\t\t\t\t\t<\/a>\t\t\n<style>\n#image_1965849092 {\n  width: 100%;\n}\n<\/style>\n\t<\/div>\n\t\n\n<div class=\"row row-collapse align-center\"  id=\"row-1262525045\">\n\n\n\t<div id=\"col-1804366081\" class=\"col small-12 large-12\"  >\n\t\t\t\t<div class=\"col-inner text-center dark\" style=\"background-color:#008244;\" >\n\t\t\t\n\t\t\t\n\n<h5>TIPPING PAPER<\/h5>\n\n\t\t<\/div>\n\t\t\t\t\n<style>\n#col-1804366081 > .col-inner {\n  padding: 7px 0px 1px 0px;\n  margin: -10px 0px 0px 0px;\n}\n<\/style>\n\t<\/div>\n\n\t\n\n<\/div>\n\n\t\t<\/div>\n\t\t\t\t\n<style>\n#col-590733324 > .col-inner {\n  padding: 0px 0px 0px 0px;\n}\n<\/style>\n\t<\/div>\n\n\t\n\n\t<div id=\"col-1749810612\" class=\"col medium-4 small-12 large-3\"  data-animate=\"fadeInUp\">\n\t\t\t\t<div class=\"col-inner box-shadow-3\"  >\n\t\t\t\n\t\t\t\n\n\t<div class=\"img has-hover x md-x lg-x y md-y lg-y\" id=\"image_1853825540\">\n\t\t<a class=\"\" href=\"https:\/\/www.tanngroup.com\/en\/innerliner\/\" >\t\t\t\t\t\t<div class=\"img-inner image-zoom image-cover dark\" style=\"padding-top:56.25%;margin:0px 0px 0px 0px;\">\n\t\t\t<img decoding=\"async\" width=\"1069\" height=\"786\" src=\"https:\/\/www.tanngroup.com\/wp-content\/uploads\/2025\/04\/Illustration-CIGARETTE-PACKAGING_nur_innnerliner-1.jpg\" class=\"attachment-original size-original\" alt=\"\" srcset=\"https:\/\/www.tanngroup.com\/wp-content\/uploads\/2025\/04\/Illustration-CIGARETTE-PACKAGING_nur_innnerliner-1.jpg 1069w, https:\/\/www.tanngroup.com\/wp-content\/uploads\/2025\/04\/Illustration-CIGARETTE-PACKAGING_nur_innnerliner-1-544x400.jpg 544w, https:\/\/www.tanngroup.com\/wp-content\/uploads\/2025\/04\/Illustration-CIGARETTE-PACKAGING_nur_innnerliner-1-768x565.jpg 768w\" sizes=\"(max-width: 1069px) 100vw, 1069px\" \/>\t\t\t\t\t\t\n\t\t\t\t\t<\/div>\n\t\t\t\t\t\t<\/a>\t\t\n<style>\n#image_1853825540 {\n  width: 100%;\n}\n<\/style>\n\t<\/div>\n\t\n\n<div class=\"row row-collapse align-center\"  id=\"row-201986585\">\n\n\n\t<div id=\"col-322936334\" class=\"col small-12 large-12\"  >\n\t\t\t\t<div class=\"col-inner text-center dark\" style=\"background-color:#008244;\" >\n\t\t\t\n\t\t\t\n\n<h5>INNERLINER<\/h5>\n\n\t\t<\/div>\n\t\t\t\t\n<style>\n#col-322936334 > .col-inner {\n  padding: 7px 0px 1px 0px;\n  margin: -10px 0px 0px 0px;\n}\n<\/style>\n\t<\/div>\n\n\t\n\n<\/div>\n\n\t\t<\/div>\n\t\t\t\t\n<style>\n#col-1749810612 > .col-inner {\n  padding: 0px 0px 0px 0px;\n}\n<\/style>\n\t<\/div>\n\n\t\n\n\t<div id=\"col-1430380011\" class=\"col medium-4 small-12 large-3\"  data-animate=\"fadeInUp\">\n\t\t\t\t<div class=\"col-inner box-shadow-3\"  >\n\t\t\t\n\t\t\t\n\n\t<div class=\"img has-hover x md-x lg-x y md-y lg-y\" id=\"image_2045630944\">\n\t\t<a class=\"\" href=\"https:\/\/www.tanngroup.com\/en\/freshness-labels\/\" >\t\t\t\t\t\t<div class=\"img-inner image-zoom image-cover dark\" style=\"padding-top:56.25%;\">\n\t\t\t<img decoding=\"async\" width=\"1006\" height=\"774\" src=\"https:\/\/www.tanngroup.com\/wp-content\/uploads\/2025\/04\/Illustration-CIGARETTE-PACKAGING_nur_freshness.jpg\" class=\"attachment-original size-original\" alt=\"\" srcset=\"https:\/\/www.tanngroup.com\/wp-content\/uploads\/2025\/04\/Illustration-CIGARETTE-PACKAGING_nur_freshness.jpg 1006w, https:\/\/www.tanngroup.com\/wp-content\/uploads\/2025\/04\/Illustration-CIGARETTE-PACKAGING_nur_freshness-520x400.jpg 520w, https:\/\/www.tanngroup.com\/wp-content\/uploads\/2025\/04\/Illustration-CIGARETTE-PACKAGING_nur_freshness-768x591.jpg 768w\" sizes=\"(max-width: 1006px) 100vw, 1006px\" \/>\t\t\t\t\t\t\n\t\t\t\t\t<\/div>\n\t\t\t\t\t\t<\/a>\t\t\n<style>\n#image_2045630944 {\n  width: 100%;\n}\n<\/style>\n\t<\/div>\n\t\n\n<div class=\"row row-collapse align-center\"  id=\"row-1412128973\">\n\n\n\t<div id=\"col-421858519\" class=\"col small-12 large-12\"  >\n\t\t\t\t<div class=\"col-inner text-center dark\" style=\"background-color:#008244;\" >\n\t\t\t\n\t\t\t\n\n<h5>FRESHNESS LABELS<\/h5>\n\n\t\t<\/div>\n\t\t\t\t\n<style>\n#col-421858519 > .col-inner {\n  padding: 7px 0px 1px 0px;\n  margin: -10px 0px 0px 0px;\n}\n<\/style>\n\t<\/div>\n\n\t\n\n<\/div>\n\n\t\t<\/div>\n\t\t\t\t\n<style>\n#col-1430380011 > .col-inner {\n  padding: 0px 0px 0px 0px;\n}\n<\/style>\n\t<\/div>\n\n\t\n\n\t<div id=\"col-1044931549\" class=\"col medium-4 small-12 large-3\"  data-animate=\"fadeInUp\">\n\t\t\t\t<div class=\"col-inner box-shadow-3\"  >\n\t\t\t\n\t\t\t\n\n\t<div class=\"img has-hover x md-x lg-x y md-y lg-y\" id=\"image_105914065\">\n\t\t<a class=\"\" href=\"https:\/\/www.tanngroup.com\/en\/printed-cigarette-paper\/\" >\t\t\t\t\t\t<div class=\"img-inner image-zoom image-cover dark\" style=\"padding-top:56.25%;\">\n\t\t\t<img decoding=\"async\" width=\"957\" height=\"728\" src=\"https:\/\/www.tanngroup.com\/wp-content\/uploads\/2025\/04\/Illustration-CIGARETTE-PACKAGING_nur_printed_cigarette.jpg\" class=\"attachment-original size-original\" alt=\"\" srcset=\"https:\/\/www.tanngroup.com\/wp-content\/uploads\/2025\/04\/Illustration-CIGARETTE-PACKAGING_nur_printed_cigarette.jpg 957w, https:\/\/www.tanngroup.com\/wp-content\/uploads\/2025\/04\/Illustration-CIGARETTE-PACKAGING_nur_printed_cigarette-526x400.jpg 526w, https:\/\/www.tanngroup.com\/wp-content\/uploads\/2025\/04\/Illustration-CIGARETTE-PACKAGING_nur_printed_cigarette-768x584.jpg 768w\" sizes=\"(max-width: 957px) 100vw, 957px\" \/>\t\t\t\t\t\t\n\t\t\t\t\t<\/div>\n\t\t\t\t\t\t<\/a>\t\t\n<style>\n#image_105914065 {\n  width: 100%;\n}\n<\/style>\n\t<\/div>\n\t\n\n<div class=\"row row-collapse align-center\"  id=\"row-272308855\">\n\n\n\t<div id=\"col-1677916931\" class=\"col small-12 large-12\"  >\n\t\t\t\t<div class=\"col-inner text-center dark\" style=\"background-color:#008244;\" >\n\t\t\t\n\t\t\t\n\n<h5>PRINTED CIGARETTE PAPER<\/h5>\n\n\t\t<\/div>\n\t\t\t\t\n<style>\n#col-1677916931 > .col-inner {\n  padding: 7px 0px 1px 0px;\n  margin: -10px 0px 0px 0px;\n}\n<\/style>\n\t<\/div>\n\n\t\n\n<\/div>\n\n\t\t<\/div>\n\t\t\t\t\n<style>\n#col-1044931549 > .col-inner {\n  padding: 0px 0px 0px 0px;\n}\n<\/style>\n\t<\/div>\n\n\t\n\n\t<div id=\"col-1040740135\" class=\"col medium-4 small-12 large-3\"  data-animate=\"fadeInUp\">\n\t\t\t\t<div class=\"col-inner box-shadow-3\"  >\n\t\t\t\n\t\t\t\n\n\t<div class=\"img has-hover x md-x lg-x y md-y lg-y\" id=\"image_1883224951\">\n\t\t<a class=\"\" href=\"https:\/\/www.tanngroup.com\/en\/plug-wrap\/\" >\t\t\t\t\t\t<div class=\"img-inner image-zoom image-cover dark\" style=\"padding-top:56.25%;\">\n\t\t\t<img decoding=\"async\" width=\"636\" height=\"417\" src=\"https:\/\/www.tanngroup.com\/wp-content\/uploads\/2025\/04\/Illustration-CIGARETTE-PACKAGING_plug_wrap.jpg\" class=\"attachment-original size-original\" alt=\"\" srcset=\"https:\/\/www.tanngroup.com\/wp-content\/uploads\/2025\/04\/Illustration-CIGARETTE-PACKAGING_plug_wrap.jpg 636w, https:\/\/www.tanngroup.com\/wp-content\/uploads\/2025\/04\/Illustration-CIGARETTE-PACKAGING_plug_wrap-610x400.jpg 610w\" sizes=\"(max-width: 636px) 100vw, 636px\" \/>\t\t\t\t\t\t\n\t\t\t\t\t<\/div>\n\t\t\t\t\t\t<\/a>\t\t\n<style>\n#image_1883224951 {\n  width: 100%;\n}\n<\/style>\n\t<\/div>\n\t\n\n<div class=\"row row-collapse align-center\"  id=\"row-568026747\">\n\n\n\t<div id=\"col-501257487\" class=\"col small-12 large-12\"  >\n\t\t\t\t<div class=\"col-inner text-center dark\" style=\"background-color:#008244;\" >\n\t\t\t\n\t\t\t\n\n<h5>PLUG WRAP<\/h5>\n\n\t\t<\/div>\n\t\t\t\t\n<style>\n#col-501257487 > .col-inner {\n  padding: 7px 0px 1px 0px;\n  margin: -10px 0px 0px 0px;\n}\n<\/style>\n\t<\/div>\n\n\t\n\n<\/div>\n\n\t\t<\/div>\n\t\t\t\t\n<style>\n#col-1040740135 > .col-inner {\n  padding: 0px 0px 0px 0px;\n}\n<\/style>\n\t<\/div>\n\n\t\n\n\t<div id=\"col-1876293786\" class=\"col medium-4 small-12 large-3\"  data-animate=\"fadeInUp\">\n\t\t\t\t<div class=\"col-inner box-shadow-3\"  >\n\t\t\t\n\t\t\t\n\n\t<div class=\"img has-hover x md-x lg-x y md-y lg-y\" id=\"image_1593294475\">\n\t\t<a class=\"\" href=\"https:\/\/www.tanngroup.com\/en\/tear-tape\/\" >\t\t\t\t\t\t<div class=\"img-inner image-zoom image-cover dark\" style=\"padding-top:56.25%;\">\n\t\t\t<img decoding=\"async\" width=\"970\" height=\"709\" src=\"https:\/\/www.tanngroup.com\/wp-content\/uploads\/2025\/04\/Illustration-CIGARETTE-PACKAGING_nur_teartape.jpg\" class=\"attachment-original size-original\" alt=\"\" srcset=\"https:\/\/www.tanngroup.com\/wp-content\/uploads\/2025\/04\/Illustration-CIGARETTE-PACKAGING_nur_teartape.jpg 970w, https:\/\/www.tanngroup.com\/wp-content\/uploads\/2025\/04\/Illustration-CIGARETTE-PACKAGING_nur_teartape-547x400.jpg 547w, https:\/\/www.tanngroup.com\/wp-content\/uploads\/2025\/04\/Illustration-CIGARETTE-PACKAGING_nur_teartape-768x561.jpg 768w\" sizes=\"(max-width: 970px) 100vw, 970px\" \/>\t\t\t\t\t\t\n\t\t\t\t\t<\/div>\n\t\t\t\t\t\t<\/a>\t\t\n<style>\n#image_1593294475 {\n  width: 100%;\n}\n<\/style>\n\t<\/div>\n\t\n\n<div class=\"row row-collapse align-center\"  id=\"row-1067956736\">\n\n\n\t<div id=\"col-2078928980\" class=\"col small-12 large-12\"  >\n\t\t\t\t<div class=\"col-inner text-center dark\" style=\"background-color:#008244;\" >\n\t\t\t\n\t\t\t\n\n<h5>TEAR TAPE<\/h5>\n\n\t\t<\/div>\n\t\t\t\t\n<style>\n#col-2078928980 > .col-inner {\n  padding: 7px 0px 1px 0px;\n  margin: -10px 0px 0px 0px;\n}\n<\/style>\n\t<\/div>\n\n\t\n\n<\/div>\n\n\t\t<\/div>\n\t\t\t\t\n<style>\n#col-1876293786 > .col-inner {\n  padding: 0px 0px 0px 0px;\n}\n<\/style>\n\t<\/div>\n\n\t\n\n<\/div>\n\n\t\t<\/div>\n\n\t\t\n<style>\n#section_193321550 {\n  padding-top: 20px;\n  padding-bottom: 20px;\n}\n@media (min-width:550px) {\n  #section_193321550 {\n    padding-top: 80px;\n    padding-bottom: 80px;\n  }\n}\n<\/style>\n\t<\/section>\n\t\n\n\n","protected":false},"excerpt":{"rendered":"","protected":false},"author":7,"featured_media":0,"parent":0,"menu_order":0,"comment_status":"closed","ping_status":"open","template":"page-blank.php","meta":{"_acf_changed":false,"footnotes":""},"class_list":["post-6185","page","type-page","status-publish","hentry"],"acf":[],"yoast_head":"<!-- This site is optimized with the Yoast SEO plugin v26.6 - https:\/\/yoast.com\/wordpress\/plugins\/seo\/ -->\n<title>Bundle Paper for cigarette packaging market | TANN GROUP<\/title>\n<meta name=\"description\" content=\"Optimize your packaging through individual design to strengthen branding and visual recognition.\" \/>\n<meta name=\"robots\" content=\"index, follow, max-snippet:-1, max-image-preview:large, max-video-preview:-1\" \/>\n<link rel=\"canonical\" href=\"https:\/\/www.tanngroup.com\/en\/bundle-paper\/\" \/>\n<meta property=\"og:locale\" content=\"en_US\" \/>\n<meta property=\"og:type\" content=\"article\" \/>\n<meta property=\"og:title\" content=\"Bundle Paper for cigarette packaging market | TANN GROUP\" \/>\n<meta property=\"og:description\" content=\"Optimize your packaging through individual design to strengthen branding and visual recognition.\" \/>\n<meta property=\"og:url\" content=\"https:\/\/www.tanngroup.com\/en\/bundle-paper\/\" \/>\n<meta property=\"og:site_name\" content=\"TANN GROUP\" \/>\n<meta property=\"article:modified_time\" content=\"2025-11-12T08:05:03+00:00\" \/>\n<meta name=\"twitter:card\" content=\"summary_large_image\" \/>\n<meta name=\"twitter:label1\" content=\"Est. reading time\" \/>\n\t<meta name=\"twitter:data1\" content=\"1 minute\" \/>\n<script type=\"application\/ld+json\" class=\"yoast-schema-graph\">{\"@context\":\"https:\/\/schema.org\",\"@graph\":[{\"@type\":\"WebPage\",\"@id\":\"https:\/\/www.tanngroup.com\/en\/bundle-paper\/\",\"url\":\"https:\/\/www.tanngroup.com\/en\/bundle-paper\/\",\"name\":\"Bundle Paper for cigarette packaging market | TANN GROUP\",\"isPartOf\":{\"@id\":\"https:\/\/www.tanngroup.com\/en\/#website\"},\"datePublished\":\"2025-05-12T09:03:41+00:00\",\"dateModified\":\"2025-11-12T08:05:03+00:00\",\"description\":\"Optimize your packaging through individual design to strengthen branding and visual recognition.\",\"breadcrumb\":{\"@id\":\"https:\/\/www.tanngroup.com\/en\/bundle-paper\/#breadcrumb\"},\"inLanguage\":\"en-US\",\"potentialAction\":[{\"@type\":\"ReadAction\",\"target\":[\"https:\/\/www.tanngroup.com\/en\/bundle-paper\/\"]}]},{\"@type\":\"BreadcrumbList\",\"@id\":\"https:\/\/www.tanngroup.com\/en\/bundle-paper\/#breadcrumb\",\"itemListElement\":[{\"@type\":\"ListItem\",\"position\":1,\"name\":\"Startseite\",\"item\":\"https:\/\/www.tanngroup.com\/en\/company\/\"},{\"@type\":\"ListItem\",\"position\":2,\"name\":\"Bundle Paper\"}]},{\"@type\":\"WebSite\",\"@id\":\"https:\/\/www.tanngroup.com\/en\/#website\",\"url\":\"https:\/\/www.tanngroup.com\/en\/\",\"name\":\"TANN GROUP GmbH\",\"description\":\"\",\"publisher\":{\"@id\":\"https:\/\/www.tanngroup.com\/en\/#organization\"},\"potentialAction\":[{\"@type\":\"SearchAction\",\"target\":{\"@type\":\"EntryPoint\",\"urlTemplate\":\"https:\/\/www.tanngroup.com\/en\/?s={search_term_string}\"},\"query-input\":{\"@type\":\"PropertyValueSpecification\",\"valueRequired\":true,\"valueName\":\"search_term_string\"}}],\"inLanguage\":\"en-US\"},{\"@type\":\"Organization\",\"@id\":\"https:\/\/www.tanngroup.com\/en\/#organization\",\"name\":\"TANNGROUP GmbH\",\"url\":\"https:\/\/www.tanngroup.com\/en\/\",\"logo\":{\"@type\":\"ImageObject\",\"inLanguage\":\"en-US\",\"@id\":\"https:\/\/www.tanngroup.com\/en\/#\/schema\/logo\/image\/\",\"url\":\"https:\/\/www.tanngroup.com\/wp-content\/uploads\/2025\/05\/TANNGROUP_Logo.svg\",\"contentUrl\":\"https:\/\/www.tanngroup.com\/wp-content\/uploads\/2025\/05\/TANNGROUP_Logo.svg\",\"width\":1,\"height\":1,\"caption\":\"TANNGROUP GmbH\"},\"image\":{\"@id\":\"https:\/\/www.tanngroup.com\/en\/#\/schema\/logo\/image\/\"}}]}<\/script>\n<!-- \/ Yoast SEO plugin. -->","yoast_head_json":{"title":"Bundle Paper for cigarette packaging market | TANN GROUP","description":"Optimize your packaging through individual design to strengthen branding and visual recognition.","robots":{"index":"index","follow":"follow","max-snippet":"max-snippet:-1","max-image-preview":"max-image-preview:large","max-video-preview":"max-video-preview:-1"},"canonical":"https:\/\/www.tanngroup.com\/en\/bundle-paper\/","og_locale":"en_US","og_type":"article","og_title":"Bundle Paper for cigarette packaging market | TANN GROUP","og_description":"Optimize your packaging through individual design to strengthen branding and visual recognition.","og_url":"https:\/\/www.tanngroup.com\/en\/bundle-paper\/","og_site_name":"TANN GROUP","article_modified_time":"2025-11-12T08:05:03+00:00","twitter_card":"summary_large_image","twitter_misc":{"Est. reading time":"1 minute"},"schema":{"@context":"https:\/\/schema.org","@graph":[{"@type":"WebPage","@id":"https:\/\/www.tanngroup.com\/en\/bundle-paper\/","url":"https:\/\/www.tanngroup.com\/en\/bundle-paper\/","name":"Bundle Paper for cigarette packaging market | TANN GROUP","isPartOf":{"@id":"https:\/\/www.tanngroup.com\/en\/#website"},"datePublished":"2025-05-12T09:03:41+00:00","dateModified":"2025-11-12T08:05:03+00:00","description":"Optimize your packaging through individual design to strengthen branding and visual recognition.","breadcrumb":{"@id":"https:\/\/www.tanngroup.com\/en\/bundle-paper\/#breadcrumb"},"inLanguage":"en-US","potentialAction":[{"@type":"ReadAction","target":["https:\/\/www.tanngroup.com\/en\/bundle-paper\/"]}]},{"@type":"BreadcrumbList","@id":"https:\/\/www.tanngroup.com\/en\/bundle-paper\/#breadcrumb","itemListElement":[{"@type":"ListItem","position":1,"name":"Startseite","item":"https:\/\/www.tanngroup.com\/en\/company\/"},{"@type":"ListItem","position":2,"name":"Bundle Paper"}]},{"@type":"WebSite","@id":"https:\/\/www.tanngroup.com\/en\/#website","url":"https:\/\/www.tanngroup.com\/en\/","name":"TANN GROUP GmbH","description":"","publisher":{"@id":"https:\/\/www.tanngroup.com\/en\/#organization"},"potentialAction":[{"@type":"SearchAction","target":{"@type":"EntryPoint","urlTemplate":"https:\/\/www.tanngroup.com\/en\/?s={search_term_string}"},"query-input":{"@type":"PropertyValueSpecification","valueRequired":true,"valueName":"search_term_string"}}],"inLanguage":"en-US"},{"@type":"Organization","@id":"https:\/\/www.tanngroup.com\/en\/#organization","name":"TANNGROUP GmbH","url":"https:\/\/www.tanngroup.com\/en\/","logo":{"@type":"ImageObject","inLanguage":"en-US","@id":"https:\/\/www.tanngroup.com\/en\/#\/schema\/logo\/image\/","url":"https:\/\/www.tanngroup.com\/wp-content\/uploads\/2025\/05\/TANNGROUP_Logo.svg","contentUrl":"https:\/\/www.tanngroup.com\/wp-content\/uploads\/2025\/05\/TANNGROUP_Logo.svg","width":1,"height":1,"caption":"TANNGROUP GmbH"},"image":{"@id":"https:\/\/www.tanngroup.com\/en\/#\/schema\/logo\/image\/"}}]}},"_links":{"self":[{"href":"https:\/\/www.tanngroup.com\/en\/wp-json\/wp\/v2\/pages\/6185","targetHints":{"allow":["GET"]}}],"collection":[{"href":"https:\/\/www.tanngroup.com\/en\/wp-json\/wp\/v2\/pages"}],"about":[{"href":"https:\/\/www.tanngroup.com\/en\/wp-json\/wp\/v2\/types\/page"}],"author":[{"embeddable":true,"href":"https:\/\/www.tanngroup.com\/en\/wp-json\/wp\/v2\/users\/7"}],"replies":[{"embeddable":true,"href":"https:\/\/www.tanngroup.com\/en\/wp-json\/wp\/v2\/comments?post=6185"}],"version-history":[{"count":29,"href":"https:\/\/www.tanngroup.com\/en\/wp-json\/wp\/v2\/pages\/6185\/revisions"}],"predecessor-version":[{"id":8470,"href":"https:\/\/www.tanngroup.com\/en\/wp-json\/wp\/v2\/pages\/6185\/revisions\/8470"}],"wp:attachment":[{"href":"https:\/\/www.tanngroup.com\/en\/wp-json\/wp\/v2\/media?parent=6185"}],"curies":[{"name":"wp","href":"https:\/\/api.w.org\/{rel}","templated":true}]}}